{"id":161,"date":"2018-06-23T13:17:42","date_gmt":"2018-06-23T13:17:42","guid":{"rendered":"https:\/\/frauenstudienzirkel.net\/?page_id=161"},"modified":"2018-06-23T13:26:26","modified_gmt":"2018-06-23T13:26:26","slug":"links","status":"publish","type":"page","link":"https:\/\/frauenstudienzirkel.net\/?page_id=161","title":{"rendered":"Links"},"content":{"rendered":"<p>&nbsp;<\/p>\n<ul>\n<li id=\"[category id]\" class=\"linkcat\">\n<h2>Feministische Zeitschriften<\/h2>\n<ul class=\"xoxo blogroll\">\n<li><a href=\"http:\/\/auf-einefrauenzeitschrift.at\/\" target=\"_blank\" rel=\"noopener\">AUF \u2013 Feministische Frauenzeitschrift<\/a><\/li>\n<li><a href=\"http:\/\/www.emma.de\/\" target=\"_blank\" rel=\"noopener\">Deutsche feministische Zeitschrift, von Alice Schwarzer gegr\u00fcndet<\/a><\/li>\n<li><a href=\"http:\/\/www.anschlaege.at\/\" target=\"_blank\" rel=\"noopener\">Feministisches Magazin aus \u00d6sterreich<\/a><\/li>\n<li><a href=\"http:\/\/diestandard.at\/\">Tagesaktuell mit Spurensuche und Frauenportr\u00e4ts<\/a><\/li>\n<\/ul>\n<\/li>\n<li id=\"[category id]\" class=\"linkcat\">\n<h2>Frauengeschichte und Fakten<\/h2>\n<ul class=\"xoxo blogroll\">\n<li><a href=\"http:\/\/www.biografia.at\/\">Biografische Datenbank und Lexikon \u00f6sterreichischer Frauen<\/a><\/li>\n<li><a href=\"http:\/\/www.onb.ac.at\/ariadne\">Frauengeschichte in der Nationalbibliothek<\/a><\/li>\n<li><a href=\"http:\/\/www.genderstudies-hamburg.de\/\">Frauenstudien und Geschlechterforschung der Universit\u00e4t Hamburg<\/a><\/li>\n<li><a href=\"http:\/\/europa.eu.int\/comm\/employment_social\/gender_equality\/index_de.html\">Gleichstellungs-Website der Europ\u00e4ischen Union<\/a><\/li>\n<li><a href=\"http:\/\/www.hdfg.de\/\">Haus der Frauengeschichte<\/a><\/li>\n<li><a href=\"http:\/\/www.frauencafe.com\/\">Homepage des Wiener Frauencafes<\/a><\/li>\n<li><a href=\"http:\/\/www.interfemme.at\/\">Homepage zur Online-Vernetzung von K\u00fcnstlerInnen<\/a><\/li>\n<li><a href=\"http:\/\/informationen%C3%BCberhedwigdohmundausz%C3%BCgeausihrenwerken\/\">http:\/\/www.hedwigdohm.de<\/a><\/li>\n<li><a href=\"http:\/\/www.gender-budgeting.de\/\">Informationen zu Gender-Budgeting in Deutschland<\/a><\/li>\n<li><a href=\"http:\/\/www.frauensichtbarmachen.at\/005\/Home\">Initiative der Wiener Frauenstadtr\u00e4tin Sandra Frauenberger<\/a><\/li>\n<li><a href=\"http:\/\/www.frauenfakten.at\/\">Kompakter \u00dcberblick \u00fcber Frauennetzwerke, -gruppen und \u2013vereine in \u00d6sterreich<\/a><\/li>\n<li><a href=\"http:\/\/www.johanna-dohnal.at\/\" target=\"_blank\" rel=\"noopener\">Umfassende Seite der ehemaligen Frauenministerin Johanna Dohnal<\/a><\/li>\n<li><a href=\"http:\/\/www.aoef.at\/\">Verein Autonomer \u00d6sterreichischer Frauenh\u00e4user<\/a><\/li>\n<\/ul>\n<\/li>\n<li id=\"[category id]\" class=\"linkcat\">\n<h2>Matriarchatsseiten<\/h2>\n<ul class=\"xoxo blogroll\">\n<li><a href=\"http:\/\/matriarchat.net\/\">http:\/\/matriarchat.net<\/a><\/li>\n<li><a href=\"http:\/\/www.hagia.de\/\">http:\/\/www.hagia.de<\/a><\/li>\n<\/ul>\n<\/li>\n<li id=\"[category id]\" class=\"linkcat\">\n<h2>Organisationen und Institutionen<\/h2>\n<ul class=\"xoxo blogroll\">\n<li><a href=\"http:\/\/www.aks.at\/de\/frauen\/news\/\">Feministische Homepage der Aktion Kritischer Sch\u00fclerInnen (aks)<\/a><\/li>\n<li><a href=\"http:\/\/www.sjoe.at\/content\/frauen\/home\/index.html\">Feministische Homepage der Sozialistischen Jugend (SJ\u00d6)<\/a><\/li>\n<li><a href=\"http:\/\/www.vsstoe.at\/default.asp?Hauptmenue=7&amp;Untermenue=2&amp;LinkGruppenID=7\">Feministische Homepage des Verbands Sozialistischer Studierenden (VSSt\u00d6)<\/a><\/li>\n<li><a href=\"http:\/\/www.univie.ac.at\/Geschichte\/Neuverortung-Geschlechtergeschichte\">Forschungsplattform der Universit\u00e4t Wien zu Frauen- und Geschlechtergeschichte<\/a><\/li>\n<li><a href=\"http:\/\/www.frauen.spoe.at\/\">Homepage der SP\u00d6-Frauen<\/a><\/li>\n<li><a href=\"http:\/\/www.renner-institut.at\/frauenakademie\/index.html\">Materialien zum Modul \u201eFrauen Macht Geschichte\u201c des Renner Instituts<\/a><\/li>\n<li><a href=\"http:\/\/www.univie.ac.at\/gender\/\">Referat Genderforschung der Universit\u00e4t Wien<\/a><\/li>\n<li><a href=\"http:\/\/www.rmc.ac.at\/\">Rosa Mayreder College<\/a><\/li>\n<li><a href=\"http:\/\/www.rosalux.de\/cms\/index.php?id=rosaluxemburg\">Rosa-Luxemburg Stiftung<\/a><\/li>\n<li><a href=\"http:\/\/www.unbekannteswien.at\/\">von Petra Unger, Kulturvermittlerin<\/a><\/li>\n<li><a href=\"http:\/\/www.uni-klu.ac.at\/gender\/\">Zentrum f\u00fcr Frauen- und Geschlechterstudien der Universit\u00e4t Klagenfurt<\/a><\/li>\n<li><a href=\"http:\/\/www.frida.at\/\" target=\"_blank\" rel=\"noopener\">Verein Frida<\/a><\/li>\n<\/ul>\n<\/li>\n<\/ul>\n<p>&nbsp;<\/p>\n","protected":false},"excerpt":{"rendered":"<p>&nbsp; Feministische Zeitschriften AUF \u2013 Feministische Frauenzeitschrift Deutsche feministische Zeitschrift, von Alice Schwarzer gegr\u00fcndet Feministisches Magazin aus \u00d6sterreich Tagesaktuell mit Spurensuche und Frauenportr\u00e4ts Frauengeschichte und Fakten Biografische Datenbank und Lexikon \u00f6sterreichischer Frauen Frauengeschichte in der Nationalbibliothek Frauenstudien und Geschlechterforschung der<\/p>\n","protected":false},"author":3,"featured_media":0,"parent":0,"menu_order":0,"comment_status":"closed","ping_status":"closed","template":"","meta":{"footnotes":""},"class_list":["post-161","page","type-page","status-publish","hentry"],"jetpack_sharing_enabled":true,"_links":{"self":[{"href":"https:\/\/frauenstudienzirkel.net\/index.php?rest_route=\/wp\/v2\/pages\/161"}],"collection":[{"href":"https:\/\/frauenstudienzirkel.net\/index.php?rest_route=\/wp\/v2\/pages"}],"about":[{"href":"https:\/\/frauenstudienzirkel.net\/index.php?rest_route=\/wp\/v2\/types\/page"}],"author":[{"embeddable":true,"href":"https:\/\/frauenstudienzirkel.net\/index.php?rest_route=\/wp\/v2\/users\/3"}],"replies":[{"embeddable":true,"href":"https:\/\/frauenstudienzirkel.net\/index.php?rest_route=%2Fwp%2Fv2%2Fcomments&post=161"}],"version-history":[{"count":4,"href":"https:\/\/frauenstudienzirkel.net\/index.php?rest_route=\/wp\/v2\/pages\/161\/revisions"}],"predecessor-version":[{"id":165,"href":"https:\/\/frauenstudienzirkel.net\/index.php?rest_route=\/wp\/v2\/pages\/161\/revisions\/165"}],"wp:attachment":[{"href":"https:\/\/frauenstudienzirkel.net\/index.php?rest_route=%2Fwp%2Fv2%2Fmedia&parent=161"}],"curies":[{"name":"wp","href":"https:\/\/api.w.org\/{rel}","templated":true}]}}